{"id":1355,"date":"2025-12-28T11:42:19","date_gmt":"2025-12-28T08:42:19","guid":{"rendered":"https:\/\/www.hotelhideaway.com\/test\/"},"modified":"2025-12-28T22:31:05","modified_gmt":"2025-12-28T19:31:05","slug":"about-us","status":"publish","type":"page","link":"https:\/\/www.hotelhideaway.com\/en\/about-us\/","title":{"rendered":"A Cozy Stay in the Heart of Ka\u015f: HIDEAWAY HOTEL"},"content":{"rendered":"\n<p>Hideaway Hotel is a friendly family-run business that you can visit in every season of the year. With its 20 rooms, most of which have balconies, a breathtaking terrace with panoramic views, and the delicious local flavors from its kitchen, it offers a comfortable and spacious boutique hotel experience.<\/p>\n\n\n<div class=\"wp-block-image\">\n<figure class=\"alignright size-full is-resized\"><img decoding=\"async\" width=\"1024\" height=\"768\" src=\"https:\/\/www.hotelhideaway.com\/wp-content\/uploads\/2025\/12\/ahmet-marie-1.jpg\" alt=\"\" class=\"wp-image-1312\" style=\"aspect-ratio:1.3333417817767077;width:347px;height:auto\" srcset=\"https:\/\/www.hotelhideaway.com\/wp-content\/uploads\/2025\/12\/ahmet-marie-1.jpg 1024w, https:\/\/www.hotelhideaway.com\/wp-content\/uploads\/2025\/12\/ahmet-marie-1-300x225.jpg 300w, https:\/\/www.hotelhideaway.com\/wp-content\/uploads\/2025\/12\/ahmet-marie-1-768x576.jpg 768w, https:\/\/www.hotelhideaway.com\/wp-content\/uploads\/2025\/12\/ahmet-marie-1-217x163.jpg 217w\" sizes=\"(max-width: 1024px) 100vw, 1024px\" \/><\/figure>\n<\/div>\n\n\n<p>Hideaway Hotel is only a 10-minute walk from Ka\u015f Harbor, the town center, and the bus station. The sea is just ahead. When you want to cool off, you can jump into the turquoise waters from our neighbor Leymona Beach, or head to B\u00fcy\u00fck \u00c7ak\u0131l Beach after breakfast and enjoy the waves, sun, and sea in Ka\u015f\u2019s largest bay. If you prefer, the hotel\u2019s pool is also available for you throughout the day.<\/p>\n\n\n\n<p>The friendly Hideaway family, with their extensive knowledge and experience of the region, is always happy to answer your questions. They welcome guests with buffet breakfasts and delicious local wines paired with dinner. The olive oil and all organic products harvested and processed from their own gardens are definitely worth trying. In Hideaway&#8217;s kitchen, the methods are modern, while the recipes come from grandmothers.<\/p>\n\n\n<div class=\"wp-block-image\">\n<figure class=\"alignleft size-full is-resized\"><img decoding=\"async\" width=\"1024\" height=\"768\" src=\"https:\/\/www.hotelhideaway.com\/wp-content\/uploads\/2025\/12\/ahmet-marie-2.jpg\" alt=\"\" class=\"wp-image-1314\" style=\"aspect-ratio:1.3333417817767077;width:364px;height:auto\" srcset=\"https:\/\/www.hotelhideaway.com\/wp-content\/uploads\/2025\/12\/ahmet-marie-2.jpg 1024w, https:\/\/www.hotelhideaway.com\/wp-content\/uploads\/2025\/12\/ahmet-marie-2-300x225.jpg 300w, https:\/\/www.hotelhideaway.com\/wp-content\/uploads\/2025\/12\/ahmet-marie-2-768x576.jpg 768w, https:\/\/www.hotelhideaway.com\/wp-content\/uploads\/2025\/12\/ahmet-marie-2-217x163.jpg 217w\" sizes=\"(max-width: 1024px) 100vw, 1024px\" \/><\/figure>\n<\/div>\n\n\n<p>Hideaway Hotel is run by Turkish and Belgian couple Ahmet and Marie. Ahmet, who was born and raised in Ka\u015f, loves his country and hometown deeply and plans to live there for the rest of his life. Marie, born in Belgium, made her first visit to Turkey in 2005.<\/p>\n\n\n\n<p>\u201cEvery year, many of our guests ask our story and what brought me here,\u201d says Marie with a smile. \u201cAhmet and I met during my first visit to Turkey in 2005. I stayed with two friends at a small guesthouse he was running at the time. Ahmet\u2019s first experiences in the service industry go back to his childhood years, when tourism was just starting to develop in Ka\u015f, with the guesthouse his family established back then. In the following years, Ahmet bought a neighboring building and established Hideaway.\u201d<\/p>\n\n\n\n<p>\u201cAfter we met in 2005, I initially traveled frequently between Belgium and Ka\u015f, and later between Ankara and Ka\u015f, where I worked as a French teacher, as I was born and raised in the French-speaking part of Belgium. Eventually, in 2007, I decided to settle permanently in Ka\u015f and started running the business together with Ahmet.\u201d<\/p>\n\n\n\n<p>\u201cWe got married in October 2008, and since then, we have been working together. As a couple, I believe we bring great harmony and balance to our work. Ahmet\u2019s vast knowledge and love for the region, his sincerity and enthusiasm in sharing it with our guests, along with his \u2018Nothing is impossible\u2019 approach, still surprises me, as he can easily solve even problems that seem impossible. As a former teacher and employee, I also try to contribute my organizational and communication skills to our work.\u201d<\/p>\n\n\n\n<p>\u201cWe both love to travel, and during the winter months, we travel around the world. When we are unable to travel due to the busy hotel work, we feel very lucky to have the opportunity to meet other travelers and share their various stories and cultures.\u201d<\/p>\n\n\n\n<p>\u201cOf course, we also consider ourselves extremely lucky to have a team that has been working with us for many years and shares our goal of providing the best comfort possible at Hideaway.\u201d<\/p>\n\n\n        <section id=\"rooms\" class=\"wp-block-hotelface-rooms\" data-display-style=\"grid\">\n                        <h2>Our Rooms<\/h2>\n                                    <p class=\"color-sec mb-3 h6 ml-0\">Comfortable, Stylish, and Peaceful Accommodation Options<\/p>\n                        \n                            <div class=\"row\">\r\n                <div class=\"col-12 col-md-4 my-3 my-md-0\">\r\n                <div class=\"row\">\r\n                    <div class=\"col-12\">\r\n                        <div class=\"hoveryImg medium mb-3\" style=\"background-image: url('https:\/\/www.hotelhideaway.com\/wp-content\/uploads\/2025\/06\/DSC03337-HDR-1-484x323.jpg');\">\r\n                            <a href=\"https:\/\/www.hotelhideaway.com\/en\/room\/economy\/\" title=\"ECONOMY\" class=\"info\">\r\n                                <div class=\"hoveryCap\" style=\"background-image: url('https:\/\/www.hotelhideaway.com\/wp-content\/uploads\/2025\/06\/DSC03337-HDR-1-484x323.jpg');\"><\/div>\r\n                                <h5>ECONOMY<\/h5>\r\n                                <p>A comfortable and budget-friendly stay! \ud83c\udf3f<\/p>\r\n                            <\/a>\r\n                        <\/div>\r\n                    <\/div>\r\n                    <div class=\"col-12 d-flex flex-column justify-content-center mb-3\">\r\n                        <h3 class=\"mb-3\">\r\n                            ECONOMY                        <\/h3>\r\n                        <p class=\"h5 text-dark\">\r\n                            A comfortable and budget-friendly stay! \ud83c\udf3f                        <\/p>\r\n                        <p>\r\n                            Step into the courtyard through your poolside door. Enjoy comfort in your stylish 12 m\u00b2 space, relax by the pool during the day, and embrace Ka\u015f\u2019s charm at night. \u2728                        <\/p>\r\n                        <p>\r\n                            <a class=\"btn btn-pri-light btn-large mt-3\" title=\"ECONOMY\" href=\"https:\/\/www.hotelhideaway.com\/en\/room\/economy\/\">Browse <i class=\"ms-2 fas fa-chevron-circle-right\"><\/i><\/a>                        <\/p>\r\n                    <\/div>\r\n                <\/div>\r\n            <\/div>\r\n                    <div class=\"col-12 col-md-4 my-3 my-md-0\">\r\n                <div class=\"row\">\r\n                    <div class=\"col-12\">\r\n                        <div class=\"hoveryImg medium mb-3\" style=\"background-image: url('https:\/\/www.hotelhideaway.com\/wp-content\/uploads\/2025\/06\/103-484x323.jpg');\">\r\n                            <a href=\"https:\/\/www.hotelhideaway.com\/en\/room\/standard\/\" title=\"STANDARD\" class=\"info\">\r\n                                <div class=\"hoveryCap\" style=\"background-image: url('https:\/\/www.hotelhideaway.com\/wp-content\/uploads\/2025\/06\/103-484x323.jpg');\"><\/div>\r\n                                <h5>STANDARD<\/h5>\r\n                                <p>Balcony, Comfort &amp; Peaceful Stay \u2728<\/p>\r\n                            <\/a>\r\n                        <\/div>\r\n                    <\/div>\r\n                    <div class=\"col-12 d-flex flex-column justify-content-center mb-3\">\r\n                        <h3 class=\"mb-3\">\r\n                            STANDARD                        <\/h3>\r\n                        <p class=\"h5 text-dark\">\r\n                            Balcony, Comfort &amp; Peaceful Stay \u2728                        <\/p>\r\n                        <p>\r\n                            Feel the comfort in our 15 m\u00b2 balcony room! Choose between a twin or double bed, enjoy air conditioning, a private bathroom, and an included breakfast. A peaceful stay awaits you!\r\n                        <\/p>\r\n                        <p>\r\n                            <a class=\"btn btn-pri-light btn-large mt-3\" title=\"STANDARD\" href=\"https:\/\/www.hotelhideaway.com\/en\/room\/standard\/\">Browse <i class=\"ms-2 fas fa-chevron-circle-right\"><\/i><\/a>                        <\/p>\r\n                    <\/div>\r\n                <\/div>\r\n            <\/div>\r\n                    <div class=\"col-12 col-md-4 my-3 my-md-0\">\r\n                <div class=\"row\">\r\n                    <div class=\"col-12\">\r\n                        <div class=\"hoveryImg medium mb-3\" style=\"background-image: url('https:\/\/www.hotelhideaway.com\/wp-content\/uploads\/2025\/06\/DSC06879-HDR-484x323.jpg');\">\r\n                            <a href=\"https:\/\/www.hotelhideaway.com\/en\/room\/single-room\/\" title=\"SINGLE ROOM\" class=\"info\">\r\n                                <div class=\"hoveryCap\" style=\"background-image: url('https:\/\/www.hotelhideaway.com\/wp-content\/uploads\/2025\/06\/DSC06879-HDR-484x323.jpg');\"><\/div>\r\n                                <h5>SINGLE ROOM<\/h5>\r\n                                <p>A Single Room Designed for Your Comfort<\/p>\r\n                            <\/a>\r\n                        <\/div>\r\n                    <\/div>\r\n                    <div class=\"col-12 d-flex flex-column justify-content-center mb-3\">\r\n                        <h3 class=\"mb-3\">\r\n                            SINGLE ROOM                        <\/h3>\r\n                        <p class=\"h5 text-dark\">\r\n                            A Single Room Designed for Your Comfort                        <\/p>\r\n                        <p>\r\n                            Comfort for one, thoughtfully paired with boutique amenities                        <\/p>\r\n                        <p>\r\n                            <a class=\"btn btn-pri-light btn-large mt-3\" title=\"SINGLE ROOM\" href=\"https:\/\/www.hotelhideaway.com\/en\/room\/single-room\/\">Browse <i class=\"ms-2 fas fa-chevron-circle-right\"><\/i><\/a>                        <\/p>\r\n                    <\/div>\r\n                <\/div>\r\n            <\/div>\r\n                    <div class=\"col-12 col-md-4 my-3 my-md-0\">\r\n                <div class=\"row\">\r\n                    <div class=\"col-12\">\r\n                        <div class=\"hoveryImg medium mb-3\" style=\"background-image: url('https:\/\/www.hotelhideaway.com\/wp-content\/uploads\/2025\/06\/DSC03322-HDR-484x323.jpg');\">\r\n                            <a href=\"https:\/\/www.hotelhideaway.com\/en\/room\/deluxe\/\" title=\"DELUXE\" class=\"info\">\r\n                                <div class=\"hoveryCap\" style=\"background-image: url('https:\/\/www.hotelhideaway.com\/wp-content\/uploads\/2025\/06\/DSC03322-HDR-484x323.jpg');\"><\/div>\r\n                                <h5>DELUXE<\/h5>\r\n                                <p>Spacious, Stylish &amp; Scenic Stay \ud83c\udf0a<\/p>\r\n                            <\/a>\r\n                        <\/div>\r\n                    <\/div>\r\n                    <div class=\"col-12 d-flex flex-column justify-content-center mb-3\">\r\n                        <h3 class=\"mb-3\">\r\n                            DELUXE                        <\/h3>\r\n                        <p class=\"h5 text-dark\">\r\n                            Spacious, Stylish &amp; Scenic Stay \ud83c\udf0a                        <\/p>\r\n                        <p>\r\n                            Enjoy a bright stay with two balconies and stunning views! This deluxe room accommodates up to 4 guests, featuring a spacious bathroom, a double bed, a sofa bed, and included breakfast.\r\n\r\n\r\n\r\n\r\n\r\n\r\n\r\n                        <\/p>\r\n                        <p>\r\n                            <a class=\"btn btn-pri-light btn-large mt-3\" title=\"DELUXE\" href=\"https:\/\/www.hotelhideaway.com\/en\/room\/deluxe\/\">Browse <i class=\"ms-2 fas fa-chevron-circle-right\"><\/i><\/a>                        <\/p>\r\n                    <\/div>\r\n                <\/div>\r\n            <\/div>\r\n                    <div class=\"col-12 col-md-4 my-3 my-md-0\">\r\n                <div class=\"row\">\r\n                    <div class=\"col-12\">\r\n                        <div class=\"hoveryImg medium mb-3\" style=\"background-image: url('https:\/\/www.hotelhideaway.com\/wp-content\/uploads\/2025\/06\/IMG-20250618-WA0006-484x323.jpg');\">\r\n                            <a href=\"https:\/\/www.hotelhideaway.com\/en\/room\/hideaway-sea-view-apartment\/\" title=\"HIDEAWAY SEA VIEW APARTMENT\" class=\"info\">\r\n                                <div class=\"hoveryCap\" style=\"background-image: url('https:\/\/www.hotelhideaway.com\/wp-content\/uploads\/2025\/06\/IMG-20250618-WA0006-484x323.jpg');\"><\/div>\r\n                                <h5>HIDEAWAY SEA VIEW APARTMENT<\/h5>\r\n                                <p>Sea View Comfort in Ka\u015f: Close to the Center but Away from the Crowds<\/p>\r\n                            <\/a>\r\n                        <\/div>\r\n                    <\/div>\r\n                    <div class=\"col-12 d-flex flex-column justify-content-center mb-3\">\r\n                        <h3 class=\"mb-3\">\r\n                            HIDEAWAY SEA VIEW APARTMENT                        <\/h3>\r\n                        <p class=\"h5 text-dark\">\r\n                            Sea View Comfort in Ka\u015f: Close to the Center but Away from the Crowds                        <\/p>\r\n                        <p>\r\n                            A special accommodation option that brings together Ka\u015f\u2019s natural beauty and tranquil atmosphere in a simple and functional living space.                        <\/p>\r\n                        <p>\r\n                            <a class=\"btn btn-pri-light btn-large mt-3\" title=\"HIDEAWAY SEA VIEW APARTMENT\" href=\"https:\/\/www.hotelhideaway.com\/en\/room\/hideaway-sea-view-apartment\/\">Browse <i class=\"ms-2 fas fa-chevron-circle-right\"><\/i><\/a>                        <\/p>\r\n                    <\/div>\r\n                <\/div>\r\n            <\/div>\r\n                    <div class=\"col-12 col-md-4 my-3 my-md-0\">\r\n                <div class=\"row\">\r\n                    <div class=\"col-12\">\r\n                        <div class=\"hoveryImg medium mb-3\" style=\"background-image: url('https:\/\/www.hotelhideaway.com\/wp-content\/uploads\/2025\/03\/P6160191-484x323.jpg');\">\r\n                            <a href=\"https:\/\/www.hotelhideaway.com\/en\/room\/upart-penthouse\/\" title=\"UPART PENTHOUSE\" class=\"info\">\r\n                                <div class=\"hoveryCap\" style=\"background-image: url('https:\/\/www.hotelhideaway.com\/wp-content\/uploads\/2025\/03\/P6160191-484x323.jpg');\"><\/div>\r\n                                <h5>UPART PENTHOUSE<\/h5>\r\n                                <p>Your Home in Ka\u015f with a Breathtaking Horizon View<\/p>\r\n                            <\/a>\r\n                        <\/div>\r\n                    <\/div>\r\n                    <div class=\"col-12 d-flex flex-column justify-content-center mb-3\">\r\n                        <h3 class=\"mb-3\">\r\n                            UPART PENTHOUSE                        <\/h3>\r\n                        <p class=\"h5 text-dark\">\r\n                            Your Home in Ka\u015f with a Breathtaking Horizon View                        <\/p>\r\n                        <p>\r\n                            A stylish penthouse offering comfort and independence.                        <\/p>\r\n                        <p>\r\n                            <a class=\"btn btn-pri-light btn-large mt-3\" title=\"UPART PENTHOUSE\" href=\"https:\/\/www.hotelhideaway.com\/en\/room\/upart-penthouse\/\">Browse <i class=\"ms-2 fas fa-chevron-circle-right\"><\/i><\/a>                        <\/p>\r\n                    <\/div>\r\n                <\/div>\r\n            <\/div>\r\n        <\/div>\r\n                    <\/section>\n        ","protected":false},"excerpt":{"rendered":"<p>Hideaway Hotel is a friendly family-run business that you can visit in every season of the year. With its 20 rooms, most of which have balconies, a breathtaking terrace with panoramic views, and the delicious local flavors from its kitchen, it offers a comfortable and spacious boutique hotel experience. Hideaway Hotel is only a 10-minute [&hellip;]<\/p>\n","protected":false},"author":1,"featured_media":0,"parent":0,"menu_order":0,"comment_status":"closed","ping_status":"closed","template":"","meta":{"footnotes":""},"class_list":["post-1355","page","type-page","status-publish","hentry"],"_links":{"self":[{"href":"https:\/\/www.hotelhideaway.com\/en\/wp-json\/wp\/v2\/pages\/1355","targetHints":{"allow":["GET"]}}],"collection":[{"href":"https:\/\/www.hotelhideaway.com\/en\/wp-json\/wp\/v2\/pages"}],"about":[{"href":"https:\/\/www.hotelhideaway.com\/en\/wp-json\/wp\/v2\/types\/page"}],"author":[{"embeddable":true,"href":"https:\/\/www.hotelhideaway.com\/en\/wp-json\/wp\/v2\/users\/1"}],"replies":[{"embeddable":true,"href":"https:\/\/www.hotelhideaway.com\/en\/wp-json\/wp\/v2\/comments?post=1355"}],"version-history":[{"count":3,"href":"https:\/\/www.hotelhideaway.com\/en\/wp-json\/wp\/v2\/pages\/1355\/revisions"}],"predecessor-version":[{"id":1446,"href":"https:\/\/www.hotelhideaway.com\/en\/wp-json\/wp\/v2\/pages\/1355\/revisions\/1446"}],"wp:attachment":[{"href":"https:\/\/www.hotelhideaway.com\/en\/wp-json\/wp\/v2\/media?parent=1355"}],"curies":[{"name":"wp","href":"https:\/\/api.w.org\/{rel}","templated":true}]}}