{"id":1447,"date":"2025-12-28T11:42:19","date_gmt":"2025-12-28T08:42:19","guid":{"rendered":"https:\/\/www.hotelhideaway.com\/hakkimizda\/"},"modified":"2025-12-28T22:31:24","modified_gmt":"2025-12-28T19:31:24","slug":"a-propos","status":"publish","type":"page","link":"https:\/\/www.hotelhideaway.com\/fr\/a-propos\/","title":{"rendered":"Un s\u00e9jour chaleureux au c\u0153ur de Ka\u015f : HIDEAWAY HOTEL"},"content":{"rendered":"\n<p>Le Hideaway Hotel est une entreprise familiale accueillante o\u00f9 vous pouvez s\u00e9journer \u00e0 tout moment de l&rsquo;ann\u00e9e. Avec ses 20 chambres, dont la plupart poss\u00e8dent un balcon, sa terrasse offrant une vue panoramique \u00e0 couper le souffle et les d\u00e9licieuses saveurs locales de sa cuisine, il propose une exp\u00e9rience de boutique-h\u00f4tel confortable et spacieuse.<\/p>\n\n\n<div class=\"wp-block-image\">\n<figure class=\"alignright size-full is-resized\"><img decoding=\"async\" width=\"1024\" height=\"768\" src=\"https:\/\/www.hotelhideaway.com\/wp-content\/uploads\/2025\/12\/ahmet-marie-2.jpg\" alt=\"\" class=\"wp-image-1314\" style=\"aspect-ratio:1.3333417817767077;width:364px;height:auto\" srcset=\"https:\/\/www.hotelhideaway.com\/wp-content\/uploads\/2025\/12\/ahmet-marie-2.jpg 1024w, https:\/\/www.hotelhideaway.com\/wp-content\/uploads\/2025\/12\/ahmet-marie-2-300x225.jpg 300w, https:\/\/www.hotelhideaway.com\/wp-content\/uploads\/2025\/12\/ahmet-marie-2-768x576.jpg 768w, https:\/\/www.hotelhideaway.com\/wp-content\/uploads\/2025\/12\/ahmet-marie-2-217x163.jpg 217w\" sizes=\"(max-width: 1024px) 100vw, 1024px\" \/><\/figure>\n<\/div>\n\n\n<p>Le Hideaway Hotel se trouve \u00e0 seulement 10 minutes \u00e0 pied du port de Ka\u015f, du centre-ville et de la gare routi\u00e8re. La mer est juste devant. Pour vous rafra\u00eechir, plongez dans les eaux turquoise de notre voisin, Leymona Beach, ou rejoignez B\u00fcy\u00fck \u00c7ak\u0131l Beach apr\u00e8s le petit-d\u00e9jeuner pour profiter des vagues, du soleil et de la mer dans la plus grande baie de Ka\u015f. Si vous le souhaitez, la piscine de l&rsquo;h\u00f4tel est \u00e9galement \u00e0 votre disposition tout au long de la journ\u00e9e.<\/p>\n\n\n\n<p>La chaleureuse famille Hideaway, forte de sa connaissance approfondie et de son exp\u00e9rience de la r\u00e9gion, est toujours ravie de r\u00e9pondre \u00e0 vos questions. Elle accueille ses invit\u00e9s avec un petit-d\u00e9jeuner buffet et d&rsquo;excellents vins locaux servis au d\u00eener. L\u2019huile d\u2019olive et tous les produits biologiques r\u00e9colt\u00e9s et transform\u00e9s dans leur propre jardin sont \u00e0 d\u00e9couvrir absolument. Dans la cuisine de Hideaway, les techniques sont modernes, mais les recettes viennent des grands-m\u00e8res.<\/p>\n\n\n<div class=\"wp-block-image\">\n<figure class=\"alignleft size-full is-resized\"><img decoding=\"async\" width=\"1024\" height=\"768\" src=\"https:\/\/www.hotelhideaway.com\/wp-content\/uploads\/2025\/12\/ahmet-marie-1.jpg\" alt=\"\" class=\"wp-image-1312\" style=\"aspect-ratio:1.3333417817767077;width:347px;height:auto\" srcset=\"https:\/\/www.hotelhideaway.com\/wp-content\/uploads\/2025\/12\/ahmet-marie-1.jpg 1024w, https:\/\/www.hotelhideaway.com\/wp-content\/uploads\/2025\/12\/ahmet-marie-1-300x225.jpg 300w, https:\/\/www.hotelhideaway.com\/wp-content\/uploads\/2025\/12\/ahmet-marie-1-768x576.jpg 768w, https:\/\/www.hotelhideaway.com\/wp-content\/uploads\/2025\/12\/ahmet-marie-1-217x163.jpg 217w\" sizes=\"(max-width: 1024px) 100vw, 1024px\" \/><\/figure>\n<\/div>\n\n\n<p>Le Hideaway Hotel est dirig\u00e9 par un couple turco-belge, Ahmet et Marie. N\u00e9 et \u00e9lev\u00e9 \u00e0 Ka\u015f, Ahmet aime profond\u00e9ment son pays et sa ville natale, o\u00f9 il pr\u00e9voit de vivre toute sa vie. Marie, originaire de Belgique, a visit\u00e9 la Turquie pour la premi\u00e8re fois en 2005.<\/p>\n\n\n\n<p>\u00ab Chaque ann\u00e9e, de nombreux clients nous demandent notre histoire et ce qui m&rsquo;a amen\u00e9e ici \u00bb, raconte Marie en souriant. \u00ab Ahmet et moi nous sommes rencontr\u00e9s lors de ma premi\u00e8re visite en Turquie en 2005. Je s\u00e9journais avec deux amies dans une petite pension qu&rsquo;il dirigeait \u00e0 l&rsquo;\u00e9poque. Ahmet a fait ses premi\u00e8res exp\u00e9riences dans le secteur de l&rsquo;h\u00f4tellerie d\u00e8s son enfance, alors que le tourisme commen\u00e7ait \u00e0 se d\u00e9velopper \u00e0 Ka\u015f, gr\u00e2ce \u00e0 la pension familiale de ses parents. Au fil des ann\u00e9es, Ahmet a acquis un b\u00e2timent voisin et a fond\u00e9 le Hideaway. \u00bb<\/p>\n\n\n\n<p>\u00ab Apr\u00e8s notre rencontre en 2005, j\u2019ai d&rsquo;abord voyag\u00e9 fr\u00e9quemment entre la Belgique et Ka\u015f, puis entre Ankara et Ka\u015f, o\u00f9 je travaillais comme professeure de fran\u00e7ais, \u00e9tant n\u00e9e et ayant grandi dans la partie francophone de la Belgique. Finalement, en 2007, j\u2019ai d\u00e9cid\u00e9 de m\u2019installer d\u00e9finitivement \u00e0 Ka\u015f et de g\u00e9rer l&rsquo;h\u00f4tel avec Ahmet. \u00bb<\/p>\n\n\n\n<p>\u00ab Nous nous sommes mari\u00e9s en octobre 2008 et, depuis, nous travaillons ensemble. En tant que couple, nous pensons apporter une belle harmonie et un bon \u00e9quilibre \u00e0 notre travail. La vaste connaissance d\u2019Ahmet sur la r\u00e9gion, son amour pour Ka\u015f, sa sinc\u00e9rit\u00e9 et son enthousiasme \u00e0 partager cela avec nos clients, ainsi que son approche \u201cRien n\u2019est impossible\u201d, continuent de me surprendre. Il trouve des solutions m\u00eame aux probl\u00e8mes qui semblent insolubles. En tant qu&rsquo;ancienne enseignante et employ\u00e9e, j\u2019essaie \u00e9galement d\u2019apporter mes comp\u00e9tences en organisation et en communication \u00e0 notre entreprise.<\/p>\n\n\n\n<p>Nous aimons tous les deux voyager et, pendant l\u2019hiver, nous partons explorer le monde. Lorsque nous ne pouvons pas voyager en raison du travail intense \u00e0 l&rsquo;h\u00f4tel, nous nous sentons chanceux de pouvoir rencontrer des voyageurs du monde entier et de partager leurs histoires et leurs cultures.<\/p>\n\n\n\n<p>Bien s\u00fbr, nous nous consid\u00e9rons aussi extr\u00eamement chanceux d\u2019avoir une \u00e9quipe qui travaille avec nous depuis de nombreuses ann\u00e9es et qui partage notre objectif d&rsquo;offrir le meilleur confort possible \u00e0 Hideaway.<\/p>\n\n\n        <section id=\"rooms\" class=\"wp-block-hotelface-rooms\" data-display-style=\"grid\">\n                        <h2>Nos chambres<\/h2>\n                                    <p class=\"color-sec mb-3 h6 ml-0\">Des options d\u2019h\u00e9bergement confortables, \u00e9l\u00e9gantes et paisibles<\/p>\n                        \n                            <div class=\"row\">\r\n                <div class=\"col-12 col-md-4 my-3 my-md-0\">\r\n                <div class=\"row\">\r\n                    <div class=\"col-12\">\r\n                        <div class=\"hoveryImg medium mb-3\" style=\"background-image: url('https:\/\/www.hotelhideaway.com\/wp-content\/uploads\/2025\/06\/DSC03337-HDR-1-484x323.jpg');\">\r\n                            <a href=\"https:\/\/www.hotelhideaway.com\/fr\/room\/economie\/\" title=\"\u00c9CONOMIE\" class=\"info\">\r\n                                <div class=\"hoveryCap\" style=\"background-image: url('https:\/\/www.hotelhideaway.com\/wp-content\/uploads\/2025\/06\/DSC03337-HDR-1-484x323.jpg');\"><\/div>\r\n                                <h5>\u00c9CONOMIE<\/h5>\r\n                                <p>Un s\u00e9jour confortable et \u00e9conomique ! \ud83c\udf3f<\/p>\r\n                            <\/a>\r\n                        <\/div>\r\n                    <\/div>\r\n                    <div class=\"col-12 d-flex flex-column justify-content-center mb-3\">\r\n                        <h3 class=\"mb-3\">\r\n                            \u00c9CONOMIE                        <\/h3>\r\n                        <p class=\"h5 text-dark\">\r\n                            Un s\u00e9jour confortable et \u00e9conomique ! \ud83c\udf3f                        <\/p>\r\n                        <p>\r\n                            Avec une porte donnant sur la vue de la piscine, entrez directement dans la cour. Profitez de la tranquillit\u00e9 dans votre espace \u00e9l\u00e9gant et pratique de 12 m\u00b2. Profitez de la cour et de la piscine pendant la journ\u00e9e, puis plongez dans l\u2019atmosph\u00e8re envo\u00fbtante de Ka\u015f le soir. \u2728                        <\/p>\r\n                        <p>\r\n                            <a class=\"btn btn-pri-light btn-large mt-3\" title=\"\u00c9CONOMIE\" href=\"https:\/\/www.hotelhideaway.com\/fr\/room\/economie\/\">Parcourir <i class=\"ms-2 fas fa-chevron-circle-right\"><\/i><\/a>                        <\/p>\r\n                    <\/div>\r\n                <\/div>\r\n            <\/div>\r\n                    <div class=\"col-12 col-md-4 my-3 my-md-0\">\r\n                <div class=\"row\">\r\n                    <div class=\"col-12\">\r\n                        <div class=\"hoveryImg medium mb-3\" style=\"background-image: url('https:\/\/www.hotelhideaway.com\/wp-content\/uploads\/2025\/06\/103-484x323.jpg');\">\r\n                            <a href=\"https:\/\/www.hotelhideaway.com\/fr\/room\/standard\/\" title=\"STANDARD\" class=\"info\">\r\n                                <div class=\"hoveryCap\" style=\"background-image: url('https:\/\/www.hotelhideaway.com\/wp-content\/uploads\/2025\/06\/103-484x323.jpg');\"><\/div>\r\n                                <h5>STANDARD<\/h5>\r\n                                <p>S\u00e9jour confortable et paisible avec balcon \u2728<\/p>\r\n                            <\/a>\r\n                        <\/div>\r\n                    <\/div>\r\n                    <div class=\"col-12 d-flex flex-column justify-content-center mb-3\">\r\n                        <h3 class=\"mb-3\">\r\n                            STANDARD                        <\/h3>\r\n                        <p class=\"h5 text-dark\">\r\n                            S\u00e9jour confortable et paisible avec balcon \u2728                        <\/p>\r\n                        <p>\r\n                            Ressentez le confort dans notre chambre de 15 m\u00b2 avec balcon ! Choisissez entre un lit simple ou double, climatisation, salle de bain et petit-d\u00e9jeuner inclus. Un s\u00e9jour paisible vous attend !                        <\/p>\r\n                        <p>\r\n                            <a class=\"btn btn-pri-light btn-large mt-3\" title=\"STANDARD\" href=\"https:\/\/www.hotelhideaway.com\/fr\/room\/standard\/\">Parcourir <i class=\"ms-2 fas fa-chevron-circle-right\"><\/i><\/a>                        <\/p>\r\n                    <\/div>\r\n                <\/div>\r\n            <\/div>\r\n                    <div class=\"col-12 col-md-4 my-3 my-md-0\">\r\n                <div class=\"row\">\r\n                    <div class=\"col-12\">\r\n                        <div class=\"hoveryImg medium mb-3\" style=\"background-image: url('https:\/\/www.hotelhideaway.com\/wp-content\/uploads\/2025\/06\/DSC06879-HDR-484x323.jpg');\">\r\n                            <a href=\"https:\/\/www.hotelhideaway.com\/fr\/room\/chambre-simple\/\" title=\"CHAMBRE SIMPLE\" class=\"info\">\r\n                                <div class=\"hoveryCap\" style=\"background-image: url('https:\/\/www.hotelhideaway.com\/wp-content\/uploads\/2025\/06\/DSC06879-HDR-484x323.jpg');\"><\/div>\r\n                                <h5>CHAMBRE SIMPLE<\/h5>\r\n                                <p>Chambre Simple Con\u00e7ue pour Votre Bien-\u00eatre<\/p>\r\n                            <\/a>\r\n                        <\/div>\r\n                    <\/div>\r\n                    <div class=\"col-12 d-flex flex-column justify-content-center mb-3\">\r\n                        <h3 class=\"mb-3\">\r\n                            CHAMBRE SIMPLE                        <\/h3>\r\n                        <p class=\"h5 text-dark\">\r\n                            Chambre Simple Con\u00e7ue pour Votre Bien-\u00eatre                        <\/p>\r\n                        <p>\r\n                            Le confort individuel alli\u00e9 \u00e0 des prestations boutique.                        <\/p>\r\n                        <p>\r\n                            <a class=\"btn btn-pri-light btn-large mt-3\" title=\"CHAMBRE SIMPLE\" href=\"https:\/\/www.hotelhideaway.com\/fr\/room\/chambre-simple\/\">Parcourir <i class=\"ms-2 fas fa-chevron-circle-right\"><\/i><\/a>                        <\/p>\r\n                    <\/div>\r\n                <\/div>\r\n            <\/div>\r\n                    <div class=\"col-12 col-md-4 my-3 my-md-0\">\r\n                <div class=\"row\">\r\n                    <div class=\"col-12\">\r\n                        <div class=\"hoveryImg medium mb-3\" style=\"background-image: url('https:\/\/www.hotelhideaway.com\/wp-content\/uploads\/2025\/06\/DSC03322-HDR-484x323.jpg');\">\r\n                            <a href=\"https:\/\/www.hotelhideaway.com\/fr\/room\/deluxe-2\/\" title=\"DELUXE\" class=\"info\">\r\n                                <div class=\"hoveryCap\" style=\"background-image: url('https:\/\/www.hotelhideaway.com\/wp-content\/uploads\/2025\/06\/DSC03322-HDR-484x323.jpg');\"><\/div>\r\n                                <h5>DELUXE<\/h5>\r\n                                <p>S\u00e9jour spacieux, \u00e9l\u00e9gant et pittoresque \ud83c\udf0a<\/p>\r\n                            <\/a>\r\n                        <\/div>\r\n                    <\/div>\r\n                    <div class=\"col-12 d-flex flex-column justify-content-center mb-3\">\r\n                        <h3 class=\"mb-3\">\r\n                            DELUXE                        <\/h3>\r\n                        <p class=\"h5 text-dark\">\r\n                            S\u00e9jour spacieux, \u00e9l\u00e9gant et pittoresque \ud83c\udf0a                        <\/p>\r\n                        <p>\r\n                            Profitez d&rsquo;un s\u00e9jour lumineux avec deux balcons et des vues imprenables ! Cette chambre deluxe peut accueillir jusqu&rsquo;\u00e0 4 personnes, avec une salle de bain spacieuse, un lit double, un canap\u00e9-lit et le petit-d\u00e9jeuner inclus.                        <\/p>\r\n                        <p>\r\n                            <a class=\"btn btn-pri-light btn-large mt-3\" title=\"DELUXE\" href=\"https:\/\/www.hotelhideaway.com\/fr\/room\/deluxe-2\/\">Parcourir <i class=\"ms-2 fas fa-chevron-circle-right\"><\/i><\/a>                        <\/p>\r\n                    <\/div>\r\n                <\/div>\r\n            <\/div>\r\n                    <div class=\"col-12 col-md-4 my-3 my-md-0\">\r\n                <div class=\"row\">\r\n                    <div class=\"col-12\">\r\n                        <div class=\"hoveryImg medium mb-3\" style=\"background-image: url('https:\/\/www.hotelhideaway.com\/wp-content\/uploads\/2025\/06\/IMG-20250618-WA0006-484x323.jpg');\">\r\n                            <a href=\"https:\/\/www.hotelhideaway.com\/fr\/room\/appartement-vue-mer-hideaway\/\" title=\"APPARTEMENT VUE MER HIDEAWAY\" class=\"info\">\r\n                                <div class=\"hoveryCap\" style=\"background-image: url('https:\/\/www.hotelhideaway.com\/wp-content\/uploads\/2025\/06\/IMG-20250618-WA0006-484x323.jpg');\"><\/div>\r\n                                <h5>APPARTEMENT VUE MER HIDEAWAY<\/h5>\r\n                                <p>Confort avec vue sur la mer \u00e0 Ka\u015f : proche du centre mais \u00e0 l\u2019\u00e9cart de la foule<\/p>\r\n                            <\/a>\r\n                        <\/div>\r\n                    <\/div>\r\n                    <div class=\"col-12 d-flex flex-column justify-content-center mb-3\">\r\n                        <h3 class=\"mb-3\">\r\n                            APPARTEMENT VUE MER HIDEAWAY                        <\/h3>\r\n                        <p class=\"h5 text-dark\">\r\n                            Confort avec vue sur la mer \u00e0 Ka\u015f : proche du centre mais \u00e0 l\u2019\u00e9cart de la foule                        <\/p>\r\n                        <p>\r\n                            Une option d\u2019h\u00e9bergement sp\u00e9ciale qui r\u00e9unit la beaut\u00e9 naturelle et l\u2019atmosph\u00e8re paisible de Ka\u015f dans un espace de vie simple et fonctionnel.                        <\/p>\r\n                        <p>\r\n                            <a class=\"btn btn-pri-light btn-large mt-3\" title=\"APPARTEMENT VUE MER HIDEAWAY\" href=\"https:\/\/www.hotelhideaway.com\/fr\/room\/appartement-vue-mer-hideaway\/\">Parcourir <i class=\"ms-2 fas fa-chevron-circle-right\"><\/i><\/a>                        <\/p>\r\n                    <\/div>\r\n                <\/div>\r\n            <\/div>\r\n                    <div class=\"col-12 col-md-4 my-3 my-md-0\">\r\n                <div class=\"row\">\r\n                    <div class=\"col-12\">\r\n                        <div class=\"hoveryImg medium mb-3\" style=\"background-image: url('https:\/\/www.hotelhideaway.com\/wp-content\/uploads\/2025\/03\/P6160191-484x323.jpg');\">\r\n                            <a href=\"https:\/\/www.hotelhideaway.com\/fr\/room\/upart-penthouse\/\" title=\"UPART PENTHOUSE\" class=\"info\">\r\n                                <div class=\"hoveryCap\" style=\"background-image: url('https:\/\/www.hotelhideaway.com\/wp-content\/uploads\/2025\/03\/P6160191-484x323.jpg');\"><\/div>\r\n                                <h5>UPART PENTHOUSE<\/h5>\r\n                                <p>Votre Maison \u00e0 Ka\u015f avec une Vue Imprenable sur l\u2019Horizon<\/p>\r\n                            <\/a>\r\n                        <\/div>\r\n                    <\/div>\r\n                    <div class=\"col-12 d-flex flex-column justify-content-center mb-3\">\r\n                        <h3 class=\"mb-3\">\r\n                            UPART PENTHOUSE                        <\/h3>\r\n                        <p class=\"h5 text-dark\">\r\n                            Votre Maison \u00e0 Ka\u015f avec une Vue Imprenable sur l\u2019Horizon                        <\/p>\r\n                        <p>\r\n                            Un penthouse \u00e9l\u00e9gant alliant confort et ind\u00e9pendance.                        <\/p>\r\n                        <p>\r\n                            <a class=\"btn btn-pri-light btn-large mt-3\" title=\"UPART PENTHOUSE\" href=\"https:\/\/www.hotelhideaway.com\/fr\/room\/upart-penthouse\/\">Parcourir <i class=\"ms-2 fas fa-chevron-circle-right\"><\/i><\/a>                        <\/p>\r\n                    <\/div>\r\n                <\/div>\r\n            <\/div>\r\n        <\/div>\r\n                    <\/section>\n        ","protected":false},"excerpt":{"rendered":"<p>Le Hideaway Hotel est une entreprise familiale accueillante o\u00f9 vous pouvez s\u00e9journer \u00e0 tout moment de l&rsquo;ann\u00e9e. Avec ses 20 chambres, dont la plupart poss\u00e8dent un balcon, sa terrasse offrant une vue panoramique \u00e0 couper le souffle et les d\u00e9licieuses saveurs locales de sa cuisine, il propose une exp\u00e9rience de boutique-h\u00f4tel confortable et spacieuse. Le [&hellip;]<\/p>\n","protected":false},"author":1,"featured_media":0,"parent":0,"menu_order":0,"comment_status":"closed","ping_status":"closed","template":"","meta":{"footnotes":""},"class_list":["post-1447","page","type-page","status-publish","hentry"],"_links":{"self":[{"href":"https:\/\/www.hotelhideaway.com\/fr\/wp-json\/wp\/v2\/pages\/1447","targetHints":{"allow":["GET"]}}],"collection":[{"href":"https:\/\/www.hotelhideaway.com\/fr\/wp-json\/wp\/v2\/pages"}],"about":[{"href":"https:\/\/www.hotelhideaway.com\/fr\/wp-json\/wp\/v2\/types\/page"}],"author":[{"embeddable":true,"href":"https:\/\/www.hotelhideaway.com\/fr\/wp-json\/wp\/v2\/users\/1"}],"replies":[{"embeddable":true,"href":"https:\/\/www.hotelhideaway.com\/fr\/wp-json\/wp\/v2\/comments?post=1447"}],"version-history":[{"count":2,"href":"https:\/\/www.hotelhideaway.com\/fr\/wp-json\/wp\/v2\/pages\/1447\/revisions"}],"predecessor-version":[{"id":1453,"href":"https:\/\/www.hotelhideaway.com\/fr\/wp-json\/wp\/v2\/pages\/1447\/revisions\/1453"}],"wp:attachment":[{"href":"https:\/\/www.hotelhideaway.com\/fr\/wp-json\/wp\/v2\/media?parent=1447"}],"curies":[{"name":"wp","href":"https:\/\/api.w.org\/{rel}","templated":true}]}}