{"id":1517,"date":"2025-02-24T09:49:19","date_gmt":"2025-02-24T06:49:19","guid":{"rendered":"https:\/\/www.hotelhideaway.com\/spa\/"},"modified":"2025-12-28T14:33:17","modified_gmt":"2025-12-28T11:33:17","slug":"spa","status":"publish","type":"page","link":"https:\/\/www.hotelhideaway.com\/fr\/spa\/","title":{"rendered":"Une Touche de Spa \u00e0 Vos Vacances"},"content":{"rendered":"\n<p class=\"has-text-align-center\">Souhaitez-vous passer vos vacances en toute d\u00e9tente et en pleine r\u00e9g\u00e9n\u00e9ration ? Payam Spa, r\u00e9serv\u00e9 exclusivement aux clients du Hideaway Hotel, vous offre une exp\u00e9rience paisible et revitalisante. Situ\u00e9 dans la m\u00eame rue, Payam Spa vous accueille avec des th\u00e9rapeutes professionnels et une large gamme de soins pour apaiser votre corps et votre esprit.<\/p>\n\n\n\n<div style=\"height:23px\" aria-hidden=\"true\" class=\"wp-block-spacer\"><\/div>\n\n\n\n<h2 class=\"wp-block-heading has-text-align-center\">Services Spa &amp; Massages<\/h2>\n\n\n\n<p class=\"has-text-align-center\">Au Payam Spa, vous pouvez profiter de :<br>Massages th\u00e9rapeutiques \u2013 Des options de massage sp\u00e9ciales telles que le massage m\u00e9dical, classique, du visage et la r\u00e9flexologie<br>Hammam turc \u2013 Purifiez-vous et rafra\u00eechissez-vous gr\u00e2ce au rituel traditionnel du gommage et de la mousse<br>Sauna &amp; bain de vapeur \u2013 D\u00e9toxifiez votre corps et laissez le stress derri\u00e8re vous<br>Soins du visage et du corps \u2013 Revitalisez-vous avec des soins \u00e0 base d\u2019ingr\u00e9dients naturels<\/p>\n\n\n\n<div style=\"height:25px\" aria-hidden=\"true\" class=\"wp-block-spacer\"><\/div>\n\n\n\n<h2 class=\"wp-block-heading has-text-align-center\">Profitez de la d\u00e9tente pendant vos vacances<\/h2>\n\n\n\n<p class=\"has-text-align-center\">Apr\u00e8s avoir explor\u00e9 toute la journ\u00e9e les beaut\u00e9s de Ka\u015f, offrez-vous une r\u00e9compense bien m\u00e9rit\u00e9e. Que vous souhaitiez soulager vos muscles fatigu\u00e9s ou apaiser votre esprit, vous vous sentirez privil\u00e9gi\u00e9 dans l\u2019atmosph\u00e8re sereine de Payam Spa.<\/p>\n\n\n\n<div style=\"height:21px\" aria-hidden=\"true\" class=\"wp-block-spacer\"><\/div>\n\n\n\n<h2 class=\"wp-block-heading has-text-align-center\">Comment en profiter ?<\/h2>\n\n\n\n<p class=\"has-text-align-center\">Ce service, propos\u00e9 avec des avantages exclusifs pour les clients du Hideaway Hotel, peut \u00eatre r\u00e9serv\u00e9 via la r\u00e9ception ou directement aupr\u00e8s de Payam Spa.<br>Ajoutez une touche de d\u00e9tente \u00e0 vos vacances et savourez le plaisir de la relaxation et du ressourcement.<br>Payam Spa se trouve \u00e0 seulement quelques pas du Hideaway Hotel.<br>Pour plus d\u2019informations et pour les r\u00e9servations, veuillez contacter la r\u00e9ception.<\/p>\n\n\n\n<div style=\"height:26px\" aria-hidden=\"true\" class=\"wp-block-spacer\"><\/div>\n\n\n\n<h2 class=\"wp-block-heading has-text-align-center\">D\u00e9couvrez Payam Spa<\/h2>\n\n\n\n<figure class=\"wp-block-gallery has-nested-images columns-default is-cropped wp-block-gallery-1 is-layout-flex wp-block-gallery-is-layout-flex\">\n<figure class=\"wp-block-image size-large\"><img decoding=\"async\" width=\"1024\" height=\"630\" data-id=\"1468\" src=\"https:\/\/www.hotelhideaway.com\/wp-content\/uploads\/2025\/12\/IMG_8595-scaled-1-1024x630.jpg\" alt=\"\" class=\"wp-image-1468\" srcset=\"https:\/\/www.hotelhideaway.com\/wp-content\/uploads\/2025\/12\/IMG_8595-scaled-1-1024x630.jpg 1024w, https:\/\/www.hotelhideaway.com\/wp-content\/uploads\/2025\/12\/IMG_8595-scaled-1-300x185.jpg 300w, https:\/\/www.hotelhideaway.com\/wp-content\/uploads\/2025\/12\/IMG_8595-scaled-1-768x473.jpg 768w, https:\/\/www.hotelhideaway.com\/wp-content\/uploads\/2025\/12\/IMG_8595-scaled-1-1536x945.jpg 1536w, https:\/\/www.hotelhideaway.com\/wp-content\/uploads\/2025\/12\/IMG_8595-scaled-1-2048x1260.jpg 2048w, https:\/\/www.hotelhideaway.com\/wp-content\/uploads\/2025\/12\/IMG_8595-scaled-1-217x134.jpg 217w\" sizes=\"(max-width: 1024px) 100vw, 1024px\" \/><\/figure>\n\n\n\n<figure class=\"wp-block-image size-large\"><img decoding=\"async\" width=\"1024\" height=\"619\" data-id=\"1469\" src=\"https:\/\/www.hotelhideaway.com\/wp-content\/uploads\/2025\/12\/IMG_8566-scaled-1-1024x619.jpg\" alt=\"\" class=\"wp-image-1469\" srcset=\"https:\/\/www.hotelhideaway.com\/wp-content\/uploads\/2025\/12\/IMG_8566-scaled-1-1024x619.jpg 1024w, https:\/\/www.hotelhideaway.com\/wp-content\/uploads\/2025\/12\/IMG_8566-scaled-1-300x181.jpg 300w, https:\/\/www.hotelhideaway.com\/wp-content\/uploads\/2025\/12\/IMG_8566-scaled-1-768x464.jpg 768w, https:\/\/www.hotelhideaway.com\/wp-content\/uploads\/2025\/12\/IMG_8566-scaled-1-1536x929.jpg 1536w, https:\/\/www.hotelhideaway.com\/wp-content\/uploads\/2025\/12\/IMG_8566-scaled-1-2048x1238.jpg 2048w, https:\/\/www.hotelhideaway.com\/wp-content\/uploads\/2025\/12\/IMG_8566-scaled-1-217x131.jpg 217w\" sizes=\"(max-width: 1024px) 100vw, 1024px\" \/><\/figure>\n\n\n\n<figure class=\"wp-block-image size-large\"><img decoding=\"async\" width=\"1024\" height=\"683\" data-id=\"1473\" src=\"https:\/\/www.hotelhideaway.com\/wp-content\/uploads\/2025\/12\/IMG_8573-scaled-1-1024x683.jpg\" alt=\"\" class=\"wp-image-1473\" srcset=\"https:\/\/www.hotelhideaway.com\/wp-content\/uploads\/2025\/12\/IMG_8573-scaled-1-1024x683.jpg 1024w, https:\/\/www.hotelhideaway.com\/wp-content\/uploads\/2025\/12\/IMG_8573-scaled-1-300x200.jpg 300w, https:\/\/www.hotelhideaway.com\/wp-content\/uploads\/2025\/12\/IMG_8573-scaled-1-768x512.jpg 768w, https:\/\/www.hotelhideaway.com\/wp-content\/uploads\/2025\/12\/IMG_8573-scaled-1-1536x1024.jpg 1536w, https:\/\/www.hotelhideaway.com\/wp-content\/uploads\/2025\/12\/IMG_8573-scaled-1-2048x1366.jpg 2048w, https:\/\/www.hotelhideaway.com\/wp-content\/uploads\/2025\/12\/IMG_8573-scaled-1-1440x960.jpg 1440w, https:\/\/www.hotelhideaway.com\/wp-content\/uploads\/2025\/12\/IMG_8573-scaled-1-770x513.jpg 770w, https:\/\/www.hotelhideaway.com\/wp-content\/uploads\/2025\/12\/IMG_8573-scaled-1-484x323.jpg 484w, https:\/\/www.hotelhideaway.com\/wp-content\/uploads\/2025\/12\/IMG_8573-scaled-1-381x254.jpg 381w, https:\/\/www.hotelhideaway.com\/wp-content\/uploads\/2025\/12\/IMG_8573-scaled-1-81x54.jpg 81w, https:\/\/www.hotelhideaway.com\/wp-content\/uploads\/2025\/12\/IMG_8573-scaled-1-50x33.jpg 50w, https:\/\/www.hotelhideaway.com\/wp-content\/uploads\/2025\/12\/IMG_8573-scaled-1-217x145.jpg 217w\" sizes=\"(max-width: 1024px) 100vw, 1024px\" \/><\/figure>\n\n\n\n<figure class=\"wp-block-image size-large\"><img decoding=\"async\" width=\"1024\" height=\"646\" data-id=\"1471\" src=\"https:\/\/www.hotelhideaway.com\/wp-content\/uploads\/2025\/12\/IMG_8576-scaled-1-1024x646.jpg\" alt=\"\" class=\"wp-image-1471\" srcset=\"https:\/\/www.hotelhideaway.com\/wp-content\/uploads\/2025\/12\/IMG_8576-scaled-1-1024x646.jpg 1024w, https:\/\/www.hotelhideaway.com\/wp-content\/uploads\/2025\/12\/IMG_8576-scaled-1-300x189.jpg 300w, https:\/\/www.hotelhideaway.com\/wp-content\/uploads\/2025\/12\/IMG_8576-scaled-1-768x485.jpg 768w, https:\/\/www.hotelhideaway.com\/wp-content\/uploads\/2025\/12\/IMG_8576-scaled-1-1536x969.jpg 1536w, https:\/\/www.hotelhideaway.com\/wp-content\/uploads\/2025\/12\/IMG_8576-scaled-1-2048x1292.jpg 2048w, https:\/\/www.hotelhideaway.com\/wp-content\/uploads\/2025\/12\/IMG_8576-scaled-1-50x33.jpg 50w, https:\/\/www.hotelhideaway.com\/wp-content\/uploads\/2025\/12\/IMG_8576-scaled-1-217x137.jpg 217w\" sizes=\"(max-width: 1024px) 100vw, 1024px\" \/><\/figure>\n\n\n\n<figure class=\"wp-block-image size-large\"><img decoding=\"async\" width=\"1024\" height=\"683\" data-id=\"1474\" src=\"https:\/\/www.hotelhideaway.com\/wp-content\/uploads\/2025\/12\/IMG_8577-scaled-1-1024x683.jpg\" alt=\"\" class=\"wp-image-1474\" srcset=\"https:\/\/www.hotelhideaway.com\/wp-content\/uploads\/2025\/12\/IMG_8577-scaled-1-1024x683.jpg 1024w, https:\/\/www.hotelhideaway.com\/wp-content\/uploads\/2025\/12\/IMG_8577-scaled-1-300x200.jpg 300w, https:\/\/www.hotelhideaway.com\/wp-content\/uploads\/2025\/12\/IMG_8577-scaled-1-768x512.jpg 768w, https:\/\/www.hotelhideaway.com\/wp-content\/uploads\/2025\/12\/IMG_8577-scaled-1-1536x1024.jpg 1536w, https:\/\/www.hotelhideaway.com\/wp-content\/uploads\/2025\/12\/IMG_8577-scaled-1-2048x1366.jpg 2048w, https:\/\/www.hotelhideaway.com\/wp-content\/uploads\/2025\/12\/IMG_8577-scaled-1-1440x960.jpg 1440w, https:\/\/www.hotelhideaway.com\/wp-content\/uploads\/2025\/12\/IMG_8577-scaled-1-770x513.jpg 770w, https:\/\/www.hotelhideaway.com\/wp-content\/uploads\/2025\/12\/IMG_8577-scaled-1-484x323.jpg 484w, https:\/\/www.hotelhideaway.com\/wp-content\/uploads\/2025\/12\/IMG_8577-scaled-1-381x254.jpg 381w, https:\/\/www.hotelhideaway.com\/wp-content\/uploads\/2025\/12\/IMG_8577-scaled-1-81x54.jpg 81w, https:\/\/www.hotelhideaway.com\/wp-content\/uploads\/2025\/12\/IMG_8577-scaled-1-50x33.jpg 50w, https:\/\/www.hotelhideaway.com\/wp-content\/uploads\/2025\/12\/IMG_8577-scaled-1-217x145.jpg 217w\" sizes=\"(max-width: 1024px) 100vw, 1024px\" \/><\/figure>\n\n\n\n<figure class=\"wp-block-image size-large\"><img decoding=\"async\" width=\"1024\" height=\"551\" data-id=\"1463\" src=\"https:\/\/www.hotelhideaway.com\/wp-content\/uploads\/2025\/12\/IMG_8582-scaled-1-1024x551.jpg\" alt=\"\" class=\"wp-image-1463\" srcset=\"https:\/\/www.hotelhideaway.com\/wp-content\/uploads\/2025\/12\/IMG_8582-scaled-1-1024x551.jpg 1024w, https:\/\/www.hotelhideaway.com\/wp-content\/uploads\/2025\/12\/IMG_8582-scaled-1-300x161.jpg 300w, https:\/\/www.hotelhideaway.com\/wp-content\/uploads\/2025\/12\/IMG_8582-scaled-1-768x413.jpg 768w, https:\/\/www.hotelhideaway.com\/wp-content\/uploads\/2025\/12\/IMG_8582-scaled-1-1536x826.jpg 1536w, https:\/\/www.hotelhideaway.com\/wp-content\/uploads\/2025\/12\/IMG_8582-scaled-1-2048x1102.jpg 2048w, https:\/\/www.hotelhideaway.com\/wp-content\/uploads\/2025\/12\/IMG_8582-scaled-1-217x117.jpg 217w\" sizes=\"(max-width: 1024px) 100vw, 1024px\" \/><\/figure>\n\n\n\n<figure class=\"wp-block-image size-large\"><img decoding=\"async\" width=\"1024\" height=\"636\" data-id=\"1466\" src=\"https:\/\/www.hotelhideaway.com\/wp-content\/uploads\/2025\/12\/IMG_8586-scaled-1-1024x636.jpg\" alt=\"\" class=\"wp-image-1466\" srcset=\"https:\/\/www.hotelhideaway.com\/wp-content\/uploads\/2025\/12\/IMG_8586-scaled-1-1024x636.jpg 1024w, https:\/\/www.hotelhideaway.com\/wp-content\/uploads\/2025\/12\/IMG_8586-scaled-1-300x186.jpg 300w, https:\/\/www.hotelhideaway.com\/wp-content\/uploads\/2025\/12\/IMG_8586-scaled-1-768x477.jpg 768w, https:\/\/www.hotelhideaway.com\/wp-content\/uploads\/2025\/12\/IMG_8586-scaled-1-1536x953.jpg 1536w, https:\/\/www.hotelhideaway.com\/wp-content\/uploads\/2025\/12\/IMG_8586-scaled-1-2048x1271.jpg 2048w, https:\/\/www.hotelhideaway.com\/wp-content\/uploads\/2025\/12\/IMG_8586-scaled-1-217x135.jpg 217w\" sizes=\"(max-width: 1024px) 100vw, 1024px\" \/><\/figure>\n\n\n\n<figure class=\"wp-block-image size-large\"><img decoding=\"async\" width=\"1024\" height=\"683\" data-id=\"1464\" src=\"https:\/\/www.hotelhideaway.com\/wp-content\/uploads\/2025\/12\/IMG_8587-scaled-1-1024x683.jpg\" alt=\"\" class=\"wp-image-1464\" srcset=\"https:\/\/www.hotelhideaway.com\/wp-content\/uploads\/2025\/12\/IMG_8587-scaled-1-1024x683.jpg 1024w, https:\/\/www.hotelhideaway.com\/wp-content\/uploads\/2025\/12\/IMG_8587-scaled-1-300x200.jpg 300w, https:\/\/www.hotelhideaway.com\/wp-content\/uploads\/2025\/12\/IMG_8587-scaled-1-768x512.jpg 768w, https:\/\/www.hotelhideaway.com\/wp-content\/uploads\/2025\/12\/IMG_8587-scaled-1-1536x1024.jpg 1536w, https:\/\/www.hotelhideaway.com\/wp-content\/uploads\/2025\/12\/IMG_8587-scaled-1-2048x1366.jpg 2048w, https:\/\/www.hotelhideaway.com\/wp-content\/uploads\/2025\/12\/IMG_8587-scaled-1-1440x960.jpg 1440w, https:\/\/www.hotelhideaway.com\/wp-content\/uploads\/2025\/12\/IMG_8587-scaled-1-770x513.jpg 770w, https:\/\/www.hotelhideaway.com\/wp-content\/uploads\/2025\/12\/IMG_8587-scaled-1-484x323.jpg 484w, https:\/\/www.hotelhideaway.com\/wp-content\/uploads\/2025\/12\/IMG_8587-scaled-1-381x254.jpg 381w, https:\/\/www.hotelhideaway.com\/wp-content\/uploads\/2025\/12\/IMG_8587-scaled-1-81x54.jpg 81w, https:\/\/www.hotelhideaway.com\/wp-content\/uploads\/2025\/12\/IMG_8587-scaled-1-50x33.jpg 50w, https:\/\/www.hotelhideaway.com\/wp-content\/uploads\/2025\/12\/IMG_8587-scaled-1-217x145.jpg 217w\" sizes=\"(max-width: 1024px) 100vw, 1024px\" \/><\/figure>\n\n\n\n<figure class=\"wp-block-image size-large\"><img decoding=\"async\" width=\"1024\" height=\"630\" data-id=\"1472\" src=\"https:\/\/www.hotelhideaway.com\/wp-content\/uploads\/2025\/12\/IMG_8592-scaled-1-1024x630.jpg\" alt=\"\" class=\"wp-image-1472\" srcset=\"https:\/\/www.hotelhideaway.com\/wp-content\/uploads\/2025\/12\/IMG_8592-scaled-1-1024x630.jpg 1024w, https:\/\/www.hotelhideaway.com\/wp-content\/uploads\/2025\/12\/IMG_8592-scaled-1-300x185.jpg 300w, https:\/\/www.hotelhideaway.com\/wp-content\/uploads\/2025\/12\/IMG_8592-scaled-1-768x473.jpg 768w, https:\/\/www.hotelhideaway.com\/wp-content\/uploads\/2025\/12\/IMG_8592-scaled-1-1536x946.jpg 1536w, https:\/\/www.hotelhideaway.com\/wp-content\/uploads\/2025\/12\/IMG_8592-scaled-1-2048x1261.jpg 2048w, https:\/\/www.hotelhideaway.com\/wp-content\/uploads\/2025\/12\/IMG_8592-scaled-1-217x134.jpg 217w\" sizes=\"(max-width: 1024px) 100vw, 1024px\" \/><\/figure>\n\n\n\n<figure class=\"wp-block-image size-large\"><img decoding=\"async\" width=\"1024\" height=\"645\" data-id=\"1465\" src=\"https:\/\/www.hotelhideaway.com\/wp-content\/uploads\/2025\/12\/IMG_8600-scaled-1-1024x645.jpg\" alt=\"\" class=\"wp-image-1465\" srcset=\"https:\/\/www.hotelhideaway.com\/wp-content\/uploads\/2025\/12\/IMG_8600-scaled-1-1024x645.jpg 1024w, https:\/\/www.hotelhideaway.com\/wp-content\/uploads\/2025\/12\/IMG_8600-scaled-1-300x189.jpg 300w, https:\/\/www.hotelhideaway.com\/wp-content\/uploads\/2025\/12\/IMG_8600-scaled-1-768x484.jpg 768w, https:\/\/www.hotelhideaway.com\/wp-content\/uploads\/2025\/12\/IMG_8600-scaled-1-1536x967.jpg 1536w, https:\/\/www.hotelhideaway.com\/wp-content\/uploads\/2025\/12\/IMG_8600-scaled-1-2048x1290.jpg 2048w, https:\/\/www.hotelhideaway.com\/wp-content\/uploads\/2025\/12\/IMG_8600-scaled-1-217x137.jpg 217w\" sizes=\"(max-width: 1024px) 100vw, 1024px\" \/><\/figure>\n\n\n\n<figure class=\"wp-block-image size-large\"><img decoding=\"async\" width=\"1024\" height=\"706\" data-id=\"1470\" src=\"https:\/\/www.hotelhideaway.com\/wp-content\/uploads\/2025\/12\/IMG_1216-scaled-1-1024x706.jpg\" alt=\"\" class=\"wp-image-1470\" srcset=\"https:\/\/www.hotelhideaway.com\/wp-content\/uploads\/2025\/12\/IMG_1216-scaled-1-1024x706.jpg 1024w, https:\/\/www.hotelhideaway.com\/wp-content\/uploads\/2025\/12\/IMG_1216-scaled-1-300x207.jpg 300w, https:\/\/www.hotelhideaway.com\/wp-content\/uploads\/2025\/12\/IMG_1216-scaled-1-768x529.jpg 768w, https:\/\/www.hotelhideaway.com\/wp-content\/uploads\/2025\/12\/IMG_1216-scaled-1-1536x1058.jpg 1536w, https:\/\/www.hotelhideaway.com\/wp-content\/uploads\/2025\/12\/IMG_1216-scaled-1-2048x1411.jpg 2048w, https:\/\/www.hotelhideaway.com\/wp-content\/uploads\/2025\/12\/IMG_1216-scaled-1-50x33.jpg 50w, https:\/\/www.hotelhideaway.com\/wp-content\/uploads\/2025\/12\/IMG_1216-scaled-1-217x150.jpg 217w\" sizes=\"(max-width: 1024px) 100vw, 1024px\" \/><\/figure>\n\n\n\n<figure class=\"wp-block-image size-large\"><img decoding=\"async\" width=\"1024\" height=\"639\" data-id=\"1467\" src=\"https:\/\/www.hotelhideaway.com\/wp-content\/uploads\/2025\/12\/IMG_8601-scaled-1-1024x639.jpg\" alt=\"\" class=\"wp-image-1467\" srcset=\"https:\/\/www.hotelhideaway.com\/wp-content\/uploads\/2025\/12\/IMG_8601-scaled-1-1024x639.jpg 1024w, https:\/\/www.hotelhideaway.com\/wp-content\/uploads\/2025\/12\/IMG_8601-scaled-1-300x187.jpg 300w, https:\/\/www.hotelhideaway.com\/wp-content\/uploads\/2025\/12\/IMG_8601-scaled-1-768x479.jpg 768w, https:\/\/www.hotelhideaway.com\/wp-content\/uploads\/2025\/12\/IMG_8601-scaled-1-1536x958.jpg 1536w, https:\/\/www.hotelhideaway.com\/wp-content\/uploads\/2025\/12\/IMG_8601-scaled-1-2048x1278.jpg 2048w, https:\/\/www.hotelhideaway.com\/wp-content\/uploads\/2025\/12\/IMG_8601-scaled-1-217x135.jpg 217w\" sizes=\"(max-width: 1024px) 100vw, 1024px\" \/><\/figure>\n<\/figure>\n","protected":false},"excerpt":{"rendered":"<p>Souhaitez-vous passer vos vacances en toute d\u00e9tente et en pleine r\u00e9g\u00e9n\u00e9ration ? Payam Spa, r\u00e9serv\u00e9 exclusivement aux clients du Hideaway Hotel, vous offre une exp\u00e9rience paisible et revitalisante. Situ\u00e9 dans la m\u00eame rue, Payam Spa vous accueille avec des th\u00e9rapeutes professionnels et une large gamme de soins pour apaiser votre corps et votre esprit. Services [&hellip;]<\/p>\n","protected":false},"author":1,"featured_media":0,"parent":0,"menu_order":0,"comment_status":"closed","ping_status":"closed","template":"","meta":{"footnotes":""},"class_list":["post-1517","page","type-page","status-publish","hentry"],"_links":{"self":[{"href":"https:\/\/www.hotelhideaway.com\/fr\/wp-json\/wp\/v2\/pages\/1517","targetHints":{"allow":["GET"]}}],"collection":[{"href":"https:\/\/www.hotelhideaway.com\/fr\/wp-json\/wp\/v2\/pages"}],"about":[{"href":"https:\/\/www.hotelhideaway.com\/fr\/wp-json\/wp\/v2\/types\/page"}],"author":[{"embeddable":true,"href":"https:\/\/www.hotelhideaway.com\/fr\/wp-json\/wp\/v2\/users\/1"}],"replies":[{"embeddable":true,"href":"https:\/\/www.hotelhideaway.com\/fr\/wp-json\/wp\/v2\/comments?post=1517"}],"version-history":[{"count":1,"href":"https:\/\/www.hotelhideaway.com\/fr\/wp-json\/wp\/v2\/pages\/1517\/revisions"}],"predecessor-version":[{"id":1531,"href":"https:\/\/www.hotelhideaway.com\/fr\/wp-json\/wp\/v2\/pages\/1517\/revisions\/1531"}],"wp:attachment":[{"href":"https:\/\/www.hotelhideaway.com\/fr\/wp-json\/wp\/v2\/media?parent=1517"}],"curies":[{"name":"wp","href":"https:\/\/api.w.org\/{rel}","templated":true}]}}