{"id":477,"date":"2025-02-11T14:39:33","date_gmt":"2025-02-11T11:39:33","guid":{"rendered":"https:\/\/www.hotelhideaway.com\/?page_id=477"},"modified":"2025-12-28T17:53:30","modified_gmt":"2025-12-28T14:53:30","slug":"conditions-de-paiement-et-dannulation","status":"publish","type":"page","link":"https:\/\/www.hotelhideaway.com\/fr\/conditions-de-paiement-et-dannulation\/","title":{"rendered":"Conditions de Paiement et d&rsquo;Annulation"},"content":{"rendered":"\n<h2 class=\"wp-block-heading\">Non-Remboursable<\/h2>\n\n\n\n<p><strong>Politique d\u2019annulation<\/strong><\/p>\n\n\n\n<ul class=\"wp-block-list\">\n<li>Le montant total peut \u00eatre pr\u00e9lev\u00e9 \u00e0 tout moment apr\u00e8s la r\u00e9servation.<\/li>\n\n\n\n<li>Aucun remboursement n\u2019est possible.<\/li>\n<\/ul>\n\n\n\n<p><strong>Politique de paiement<\/strong><\/p>\n\n\n\n<ul class=\"wp-block-list\">\n<li>Le montant total peut \u00eatre pr\u00e9lev\u00e9 \u00e0 tout moment apr\u00e8s la r\u00e9servation.<\/li>\n\n\n\n<li>Aucun remboursement n\u2019est possible.<\/li>\n\n\n\n<li>Les prix sont bas\u00e9s sur l\u2019Euro. Le taux de change du jour du paiement s\u2019applique.<\/li>\n<\/ul>\n\n\n\n<h2 class=\"wp-block-heading\">&nbsp;<\/h2>\n\n\n\n<h2 class=\"wp-block-heading\">Paiement en Esp\u00e8ces<\/h2>\n\n\n\n<p><strong>Politique d\u2019annulation<\/strong><\/p>\n\n\n\n<ul class=\"wp-block-list\">\n<li>Une r\u00e9duction est appliqu\u00e9e pour les paiements en esp\u00e8ces.<\/li>\n\n\n\n<li>L\u2019acompte n\u2019est pas remboursable en cas d\u2019annulation.<\/li>\n\n\n\n<li>Si l\u2019annulation intervient\u00a0<strong>moins de 7 jours avant l\u2019arriv\u00e9e<\/strong>, le client s\u2019engage \u00e0 payer le solde restant.<\/li>\n\n\n\n<li>Les prix sont bas\u00e9s sur l\u2019Euro. Le taux de change du jour du paiement s\u2019applique.<\/li>\n<\/ul>\n\n\n\n<p><strong>Politique de paiement<\/strong><\/p>\n\n\n\n<ul class=\"wp-block-list\">\n<li>Une nuit est pr\u00e9lev\u00e9e par mail order de carte bancaire pour garantir la r\u00e9servation.<\/li>\n\n\n\n<li>Le solde doit \u00eatre pay\u00e9\u00a0<strong>en esp\u00e8ces<\/strong>\u00a0\u00e0 l\u2019h\u00f4tel. Une r\u00e9duction est appliqu\u00e9e dans ce cas.<\/li>\n\n\n\n<li>Si le solde est pay\u00e9 par carte ou virement bancaire, aucune r\u00e9duction n\u2019est accord\u00e9e.<\/li>\n<\/ul>\n\n\n\n<h2 class=\"wp-block-heading\">&nbsp;<\/h2>\n\n\n\n<h2 class=\"wp-block-heading\">Remboursable<\/h2>\n\n\n\n<p><strong>Politique d\u2019annulation<\/strong><\/p>\n\n\n\n<ul class=\"wp-block-list\">\n<li>Une nuit est factur\u00e9e comme acompte.<\/li>\n\n\n\n<li>En cas d\u2019annulation\u00a0<strong>jusqu\u2019\u00e0 7 jours avant l\u2019arriv\u00e9e<\/strong>, l\u2019acompte est enti\u00e8rement rembours\u00e9.<\/li>\n\n\n\n<li>En cas d\u2019annulation\u00a0<strong>moins de 7 jours avant l\u2019arriv\u00e9e<\/strong>, 100 % du montant total de la r\u00e9servation est factur\u00e9.<\/li>\n\n\n\n<li>Les prix sont bas\u00e9s sur l\u2019Euro. Le taux de change du jour du paiement s\u2019applique.<\/li>\n<\/ul>\n\n\n\n<p><strong>Politique de paiement<\/strong><\/p>\n\n\n\n<ul class=\"wp-block-list\">\n<li>Les cartes de cr\u00e9dit peuvent \u00eatre pr\u00e9-autoris\u00e9es.<\/li>\n<\/ul>\n","protected":false},"excerpt":{"rendered":"<p>Non-Remboursable Politique d\u2019annulation Politique de paiement &nbsp; Paiement en Esp\u00e8ces Politique d\u2019annulation Politique de paiement &nbsp; Remboursable Politique d\u2019annulation Politique de paiement<\/p>\n","protected":false},"author":1,"featured_media":0,"parent":0,"menu_order":0,"comment_status":"closed","ping_status":"closed","template":"","meta":{"footnotes":""},"class_list":["post-477","page","type-page","status-publish","hentry"],"_links":{"self":[{"href":"https:\/\/www.hotelhideaway.com\/fr\/wp-json\/wp\/v2\/pages\/477","targetHints":{"allow":["GET"]}}],"collection":[{"href":"https:\/\/www.hotelhideaway.com\/fr\/wp-json\/wp\/v2\/pages"}],"about":[{"href":"https:\/\/www.hotelhideaway.com\/fr\/wp-json\/wp\/v2\/types\/page"}],"author":[{"embeddable":true,"href":"https:\/\/www.hotelhideaway.com\/fr\/wp-json\/wp\/v2\/users\/1"}],"replies":[{"embeddable":true,"href":"https:\/\/www.hotelhideaway.com\/fr\/wp-json\/wp\/v2\/comments?post=477"}],"version-history":[{"count":2,"href":"https:\/\/www.hotelhideaway.com\/fr\/wp-json\/wp\/v2\/pages\/477\/revisions"}],"predecessor-version":[{"id":1674,"href":"https:\/\/www.hotelhideaway.com\/fr\/wp-json\/wp\/v2\/pages\/477\/revisions\/1674"}],"wp:attachment":[{"href":"https:\/\/www.hotelhideaway.com\/fr\/wp-json\/wp\/v2\/media?parent=477"}],"curies":[{"name":"wp","href":"https:\/\/api.w.org\/{rel}","templated":true}]}}